{"id":50,"date":"2024-04-30T05:46:17","date_gmt":"2024-04-30T10:46:17","guid":{"rendered":"https:\/\/coinca.unh.edu.pe\/?page_id=50"},"modified":"2025-11-28T07:05:57","modified_gmt":"2025-11-28T12:05:57","slug":"programa","status":"publish","type":"page","link":"https:\/\/coinca.unh.edu.pe\/?page_id=50","title":{"rendered":"PROGRAMA"},"content":{"rendered":"<p>[et_pb_section fb_built=\u00bb1&#8243; _builder_version=\u00bb4.23.1&#8243; _module_preset=\u00bbdefault\u00bb custom_margin=\u00bb10px||0px||false|false\u00bb custom_padding=\u00bb10px||0px||false|false\u00bb global_colors_info=\u00bb{}\u00bb][et_pb_row _builder_version=\u00bb4.23.1&#8243; _module_preset=\u00bbdefault\u00bb global_colors_info=\u00bb{}\u00bb][et_pb_column type=\u00bb4_4&#8243; _builder_version=\u00bb4.23.1&#8243; _module_preset=\u00bbdefault\u00bb global_colors_info=\u00bb{}\u00bb][et_pb_text _builder_version=\u00bb4.23.1&#8243; _module_preset=\u00bbdefault\u00bb header_text_color=\u00bb#6a0903&#8243; header_2_text_color=\u00bb#6a0903&#8243; global_colors_info=\u00bb{}\u00bb]<\/p>\n<h2 style=\"text-align: center;\"><strong>PROGRAMA<\/strong><\/h2>\n<p>[\/et_pb_text][\/et_pb_column][\/et_pb_row][\/et_pb_section][et_pb_section fb_built=\u00bb1&#8243; _builder_version=\u00bb4.23.1&#8243; _module_preset=\u00bbdefault\u00bb custom_margin=\u00bb0px||0px||false|false\u00bb custom_padding=\u00bb0px||0px||false|false\u00bb global_colors_info=\u00bb{}\u00bb][et_pb_row _builder_version=\u00bb4.23.1&#8243; _module_preset=\u00bbdefault\u00bb global_colors_info=\u00bb{}\u00bb][et_pb_column type=\u00bb4_4&#8243; _builder_version=\u00bb4.23.1&#8243; _module_preset=\u00bbdefault\u00bb global_colors_info=\u00bb{}\u00bb][et_pb_code _builder_version=\u00bb4.23.1&#8243; _module_preset=\u00bbdefault\u00bb custom_padding=\u00bb|5px||||\u00bb global_colors_info=\u00bb{}\u00bb]<\/p>\n<style><!-- [et_pb_line_break_holder] -->  .responsive-table {<!-- [et_pb_line_break_holder] -->    width: 100%;<!-- [et_pb_line_break_holder] -->    border-collapse: collapse;<!-- [et_pb_line_break_holder] -->    overflow-x: auto;<!-- [et_pb_line_break_holder] -->    display: block;<!-- [et_pb_line_break_holder] -->    max-height: 400px; \/* Set a maximum height for the table *\/<!-- [et_pb_line_break_holder] -->    overflow-y: auto; \/* Add vertical scrolling *\/<!-- [et_pb_line_break_holder] -->  }<!-- [et_pb_line_break_holder] -->  .responsive-table th,<!-- [et_pb_line_break_holder] -->  .responsive-table td {<!-- [et_pb_line_break_holder] -->    border: 1px solid #ddd;<!-- [et_pb_line_break_holder] -->    padding: 8px;<!-- [et_pb_line_break_holder] -->    text-align: center;<!-- [et_pb_line_break_holder] -->  }<!-- [et_pb_line_break_holder] -->  .responsive-table th {<!-- [et_pb_line_break_holder] -->    background-color: #f2f2f2;<!-- [et_pb_line_break_holder] -->    color: black;<!-- [et_pb_line_break_holder] -->  }<!-- [et_pb_line_break_holder] -->  @media (max-width: 600px) {<!-- [et_pb_line_break_holder] -->    .responsive-table th,<!-- [et_pb_line_break_holder] -->    .responsive-table td {<!-- [et_pb_line_break_holder] -->      display: block;<!-- [et_pb_line_break_holder] -->      text-align: right;<!-- [et_pb_line_break_holder] -->    }<!-- [et_pb_line_break_holder] -->    .responsive-table th {<!-- [et_pb_line_break_holder] -->      text-align: left;<!-- [et_pb_line_break_holder] -->    }<!-- [et_pb_line_break_holder] -->  }<!-- [et_pb_line_break_holder] --><\/style>\n<p><!-- [et_pb_line_break_holder] --><!-- [et_pb_line_break_holder] --><\/p>\n<table class=\"responsive-table\"><!-- [et_pb_line_break_holder] -->  <\/p>\n<thead><!-- [et_pb_line_break_holder] -->    <\/p>\n<tr><!-- [et_pb_line_break_holder] -->      <\/p>\n<th>Horario<\/th>\n<p><!-- [et_pb_line_break_holder] -->      <\/p>\n<th>D\u00eda 26\/11\/25<\/th>\n<p><!-- [et_pb_line_break_holder] -->      <\/p>\n<th>D\u00eda 27\/11\/25<\/th>\n<p><!-- [et_pb_line_break_holder] -->      <\/p>\n<th>D\u00eda 28\/11\/25<\/th>\n<p><!-- [et_pb_line_break_holder] -->    <\/tr>\n<p><!-- [et_pb_line_break_holder] -->  <\/thead>\n<p><!-- [et_pb_line_break_holder] -->  <\/p>\n<tbody><!-- [et_pb_line_break_holder] -->    <\/p>\n<tr><!-- [et_pb_line_break_holder] -->      <\/p>\n<td>09:15 \u2013 09:30<\/td>\n<p><!-- [et_pb_line_break_holder] -->      <\/p>\n<td>Inauguraci\u00f3n del congreso<\/td>\n<p><!-- [et_pb_line_break_holder] -->      <\/p>\n<td> <\/td>\n<p><!-- [et_pb_line_break_holder] -->      <\/p>\n<td> <\/td>\n<p><!-- [et_pb_line_break_holder] -->    <\/tr>\n<p><!-- [et_pb_line_break_holder] -->    <\/p>\n<tr><!-- [et_pb_line_break_holder] -->      <\/p>\n<td>09:30 \u2013 10:15<\/td>\n<p><!-- [et_pb_line_break_holder] -->      <\/p>\n<td><strong>Razas en peligro de extinci\u00f3n y biodiversidad<\/strong<!-- [et_pb_line_break_holder] -->        ><!\u2013- [et_pb_br_holder] -\u2013>Ph.D. Agust\u00edn Blasco Mateu<\/td>\n<p><!-- [et_pb_line_break_holder] -->      <\/p>\n<td><strong>Informaci\u00f3n gen\u00e9tica de las case\u00ednas y las c\u00e9lulas som\u00e1ticas de la leche como herramienta de mejora de la competitividad de la producci\u00f3n de vacuno lechero<\/strong<!-- [et_pb_line_break_holder] -->        ><!\u2013- [et_pb_br_holder] -\u2013>Ph.D. Beatriz Soret Lafraya<\/td>\n<p><!-- [et_pb_line_break_holder] -->      <\/p>\n<td><strong>Resiliencia: de la gen\u00f3mica a la metagen\u00f3mica<\/strong<!-- [et_pb_line_break_holder] -->        ><!\u2013- [et_pb_br_holder] -\u2013>Ph.D. Noelia Ib\u00e1\u00f1ez Escriche<\/td>\n<p><!-- [et_pb_line_break_holder] -->    <\/tr>\n<p><!-- [et_pb_line_break_holder] -->    <\/p>\n<tr><!-- [et_pb_line_break_holder] -->      <\/p>\n<td>10:15 \u2013 11:00<\/td>\n<p><!-- [et_pb_line_break_holder] -->      <\/p>\n<td><strong>Agregaci\u00f3n embrionaria<\/strong<!-- [et_pb_line_break_holder] -->        ><!\u2013- [et_pb_br_holder] -\u2013>M.Sc. Minerva Yauri Felipe<\/td>\n<p><!-- [et_pb_line_break_holder] -->      <\/p>\n<td><strong>Efecto de la eCG en la producci\u00f3n de embriones ovinos<\/strong<!-- [et_pb_line_break_holder] -->        ><!\u2013- [et_pb_br_holder] -\u2013>M.Sc. Rolando Paxipati Parra<\/td>\n<p><!-- [et_pb_line_break_holder] -->      <\/p>\n<td><strong>Insectos presentes en la gallinaza de ponedoras White Leghorn en una granja de Pinar del R\u00edo, Cuba<\/strong<!-- [et_pb_line_break_holder] -->        ><!\u2013- [et_pb_br_holder] -\u2013>Dr. Gilmar Edgardo Mendoza Ordo\u00f1ez<\/td>\n<p><!-- [et_pb_line_break_holder] -->    <\/tr>\n<p><!-- [et_pb_line_break_holder] -->    <\/p>\n<tr><!-- [et_pb_line_break_holder] -->      <\/p>\n<td>11:00 \u2013 11:20<\/td>\n<p><!-- [et_pb_line_break_holder] -->      <\/p>\n<td>Receso<\/td>\n<p><!-- [et_pb_line_break_holder] -->      <\/p>\n<td>Receso<\/td>\n<p><!-- [et_pb_line_break_holder] -->      <\/p>\n<td>Receso<\/td>\n<p><!-- [et_pb_line_break_holder] -->    <\/tr>\n<p><!-- [et_pb_line_break_holder] -->    <\/p>\n<tr><!-- [et_pb_line_break_holder] -->      <\/p>\n<td>11:20 \u2013 12:05<\/td>\n<p><!-- [et_pb_line_break_holder] -->      <\/p>\n<td><strong>Aplicaci\u00f3n de un enfoque de modelamiento socio-ecol\u00f3gico para el an\u00e1lisis de sistemas agro-pastoriles en los Andes peruanos<\/strong<!-- [et_pb_line_break_holder] -->        ><!\u2013- [et_pb_br_holder] -\u2013>Ph.D. Melody Zarria Samanamud<\/td>\n<p><!-- [et_pb_line_break_holder] -->      <\/p>\n<td><strong>Evaluaci\u00f3n del efecto de la prote\u00edna de sobrepaso en el consumo alimenticio, la utilizaci\u00f3n del nitr\u00f3geno y la digestibilidad aparente en alpacas (Vicugna pacos)<\/strong<!-- [et_pb_line_break_holder] -->        ><!\u2013- [et_pb_br_holder] -\u2013>Dra. Giovanna Janet Gomez Oquendo<\/td>\n<p><!-- [et_pb_line_break_holder] -->      <\/p>\n<td><strong>Asociaci\u00f3n entre helmintos y enterobacterias en gallinas White Leghorn vinculadas a insectos en granjas del occidente cubano<\/strong<!-- [et_pb_line_break_holder] -->        ><!\u2013- [et_pb_br_holder] -\u2013>Dr. Miguel \u00c1ngel Callacn\u00e1 Custodio<\/td>\n<p><!-- [et_pb_line_break_holder] -->    <\/tr>\n<p><!-- [et_pb_line_break_holder] -->    <\/p>\n<tr><!-- [et_pb_line_break_holder] -->      <\/p>\n<td>12:05 \u2013 13:00<\/td>\n<p><!-- [et_pb_line_break_holder] -->      <\/p>\n<td><strong>Selecci\u00f3n divergente<\/strong<!-- [et_pb_line_break_holder] -->        ><!\u2013- [et_pb_br_holder] -\u2013>Ph.D. Nora<!-- [et_pb_line_break_holder] -->Formoso-Rafferty Castilla<\/td>\n<p><!-- [et_pb_line_break_holder] -->      <\/p>\n<td><strong>Avances en mejora gen\u00e9tica de alpacas<\/strong<!-- [et_pb_line_break_holder] -->        ><!\u2013- [et_pb_br_holder] -\u2013>Ph.D. Juan Pablo Guti\u00e9rrez Garc\u00eda<!-- [et_pb_line_break_holder] --><\/td>\n<p><!-- [et_pb_line_break_holder] -->      <\/p>\n<td><strong>Selecci\u00f3n para robustez y bienestar en cerdo ib\u00e9rico<\/strong<!-- [et_pb_line_break_holder] -->        ><!\u2013- [et_pb_br_holder] -\u2013>Ph.D. Isabel<!-- [et_pb_line_break_holder] -->Cervantes Navarro<!-- [et_pb_line_break_holder] --><\/td>\n<p><!-- [et_pb_line_break_holder] -->    <\/tr>\n<p><!-- [et_pb_line_break_holder] -->    <\/p>\n<tr><!-- [et_pb_line_break_holder] -->      <\/p>\n<td>13:00 \u2013 14:30<\/td>\n<p><!-- [et_pb_line_break_holder] -->      <\/p>\n<td>Almuerzo<\/td>\n<p><!-- [et_pb_line_break_holder] -->      <\/p>\n<td>Almuerzo<\/td>\n<p><!-- [et_pb_line_break_holder] -->      <\/p>\n<td>Almuerzo<\/td>\n<p><!-- [et_pb_line_break_holder] -->    <\/tr>\n<p><!-- [et_pb_line_break_holder] -->    <\/p>\n<tr><!-- [et_pb_line_break_holder] -->      <\/p>\n<td>14:30 \u2013 15:15<\/td>\n<p><!-- [et_pb_line_break_holder] -->      <\/p>\n<td><strong>Aplicaci\u00f3n de la gen\u00f3mica en vacunos Brown Swiss y Criollo en el Per\u00fa<\/strong<!-- [et_pb_line_break_holder] -->        ><!\u2013- [et_pb_br_holder] -\u2013>Ph.D. Gustavo Guti\u00e9rrez Reynoso<\/td>\n<p><!-- [et_pb_line_break_holder] -->      <\/p>\n<td><strong>Programa de mejora gen\u00e9tica de llamas<\/strong<!-- [et_pb_line_break_holder] -->        ><!\u2013- [et_pb_br_holder] -\u2013>Ph.D. Mar\u00eda Wurzinger<\/td>\n<p><!-- [et_pb_line_break_holder] -->      <\/p>\n<td><strong>Evaluaci\u00f3n de raciones alimenticias a base de residuos de camal sobre los par\u00e1metros productivos de cuyes<\/strong<!-- [et_pb_line_break_holder] -->        ><!\u2013- [et_pb_br_holder] -\u2013>M.Sc. Yola Ramos Espinoza<\/td>\n<p><!-- [et_pb_line_break_holder] -->    <\/tr>\n<p><!-- [et_pb_line_break_holder] -->    <\/p>\n<tr><!-- [et_pb_line_break_holder] -->      <\/p>\n<td>15:15 \u2013 16:00<\/td>\n<p><!-- [et_pb_line_break_holder] -->      <\/p>\n<td><strong>Escherichia coli productora de Betalactamasas de Expectro extendido (BLEE) en animales de producci\u00f3n y dom\u00e9sticos<\/strong<!-- [et_pb_line_break_holder] -->        ><!\u2013- [et_pb_br_holder] -\u2013>Dr. Juan Jos\u00e9 Siuce Moreno<\/td>\n<p><!-- [et_pb_line_break_holder] -->      <\/p>\n<td><strong>Fasciolosis: Una enfermedad zoon\u00f3tica desatendida y su impacto en la salud animal y humana en Per\u00fa<\/strong<!-- [et_pb_line_break_holder] -->        ><!\u2013- [et_pb_br_holder] -\u2013>Ph.D. Pedro Ortiz Oblitas<\/td>\n<p><!-- [et_pb_line_break_holder] -->      <\/p>\n<td><strong>Estimaci\u00f3n de la digestibilidad de la materia org\u00e1nica en alpacas a partir de la concentraci\u00f3n de prote\u00edna en heces<\/strong<!-- [et_pb_line_break_holder] -->        ><!\u2013- [et_pb_br_holder] -\u2013>Dra. Khaterine Salazar Cubillas<\/td>\n<p><!-- [et_pb_line_break_holder] -->    <\/tr>\n<p><!-- [et_pb_line_break_holder] -->    <\/p>\n<tr><!-- [et_pb_line_break_holder] -->      <\/p>\n<td>16:00 \u2013 16:15<\/td>\n<p><!-- [et_pb_line_break_holder] -->      <\/p>\n<td>Receso<\/td>\n<p><!-- [et_pb_line_break_holder] -->      <\/p>\n<td>Receso<\/td>\n<p><!-- [et_pb_line_break_holder] -->      <\/p>\n<td>Receso<\/td>\n<p><!-- [et_pb_line_break_holder] -->    <\/tr>\n<p><!-- [et_pb_line_break_holder] -->    <\/p>\n<tr><!-- [et_pb_line_break_holder] -->      <\/p>\n<td>16:15 \u2013 17:00<\/td>\n<p><!-- [et_pb_line_break_holder] -->      <\/p>\n<td><strong>Vigilancia, prevenci\u00f3n y control del complejo teniasis &#8211; cisticercosis por Taenia solium<\/strong<!-- [et_pb_line_break_holder] -->        ><!\u2013- [et_pb_br_holder] -\u2013>Ph.D. Luis G\u00f3mez Puerta<\/td>\n<p><!-- [et_pb_line_break_holder] -->      <\/p>\n<td><strong>Sarna en vicu\u00f1as<\/strong<!-- [et_pb_line_break_holder] -->        ><!\u2013- [et_pb_br_holder] -\u2013>M.Sc. Omar Siguas Robles<\/td>\n<p><!-- [et_pb_line_break_holder] -->      <\/p>\n<td><strong>Evaluaci\u00f3n y producci\u00f3n de Tithonia diversifolia como complemento nutritivo en peque\u00f1os rumiantes<\/strong<!-- [et_pb_line_break_holder] -->        ><!\u2013- [et_pb_br_holder] -\u2013>M.Sc. V\u00edctor Temoche Socola<\/td>\n<p><!-- [et_pb_line_break_holder] -->    <\/tr>\n<p><!-- [et_pb_line_break_holder] -->    <\/p>\n<tr><!-- [et_pb_line_break_holder] -->      <\/p>\n<td>17:00 \u2013 17:45<\/td>\n<p><!-- [et_pb_line_break_holder] -->      <\/p>\n<td><strong>Bienestar animal y sostenibilidad<\/strong<!-- [et_pb_line_break_holder] -->        ><!\u2013- [et_pb_br_holder] -\u2013>Ph.D. Laura X. Est\u00e9vez Moreno<\/td>\n<p><!-- [et_pb_line_break_holder] -->      <\/p>\n<td><strong>Evaluaci\u00f3n inmunog\u00e9nica de un ant\u00edgeno recombinante<!-- [et_pb_line_break_holder] -->derivada de una prote\u00edna de membrana externa de Pasteurella multocida en cr\u00edas de alpacas<\/strong<!-- [et_pb_line_break_holder] -->        ><!\u2013- [et_pb_br_holder] -\u2013>Dr. Luis Ramiro Luna Espinoza<\/td>\n<p><!-- [et_pb_line_break_holder] -->      <\/p>\n<td><strong>Neurocisticercosis en regiones end\u00e9micas del Per\u00fa y nuevos hallazgos en la patolog\u00eda<\/strong<!-- [et_pb_line_break_holder] -->        ><!\u2013- [et_pb_br_holder] -\u2013>Ph.D. Manuela Verastegui Pimentel<\/td>\n<p><!-- [et_pb_line_break_holder] -->    <\/tr>\n<p><!-- [et_pb_line_break_holder] -->    <\/p>\n<tr><!-- [et_pb_line_break_holder] -->      <\/p>\n<td>17:45 \u2013 18:00<\/td>\n<p><!-- [et_pb_line_break_holder] -->      <\/p>\n<td> <\/td>\n<p><!-- [et_pb_line_break_holder] -->      <\/p>\n<td> <\/td>\n<p><!-- [et_pb_line_break_holder] -->      <\/p>\n<td>Clausura del Congreso<\/td>\n<p><!-- [et_pb_line_break_holder] -->    <\/tr>\n<p><!-- [et_pb_line_break_holder] -->  <\/tbody>\n<p><!-- [et_pb_line_break_holder] --><\/table>\n<p>[\/et_pb_code][et_pb_button button_url=\u00bbhttp:\/\/coinca.unh.edu.pe\/wp-content\/uploads\/2025\/11\/PROGRAMA_COINCA_2025_V5.pdf\u00bb url_new_window=\u00bbon\u00bb button_text=\u00bbDescargar programa\u00bb button_alignment=\u00bbcenter\u00bb _builder_version=\u00bb4.23.1&#8243; _module_preset=\u00bbdefault\u00bb animation_style=\u00bbslide\u00bb hover_enabled=\u00bb0&#8243; global_colors_info=\u00bb{}\u00bb sticky_enabled=\u00bb0&#8243;][\/et_pb_button][\/et_pb_column][\/et_pb_row][\/et_pb_section][et_pb_section fb_built=\u00bb1&#8243; _builder_version=\u00bb4.23.1&#8243; _module_preset=\u00bbdefault\u00bb custom_margin=\u00bb0px||0px||false|false\u00bb custom_padding=\u00bb0px||0px||false|false\u00bb global_colors_info=\u00bb{}\u00bb][et_pb_row _builder_version=\u00bb4.23.1&#8243; _module_preset=\u00bbdefault\u00bb global_colors_info=\u00bb{}\u00bb][et_pb_column type=\u00bb4_4&#8243; _builder_version=\u00bb4.23.1&#8243; _module_preset=\u00bbdefault\u00bb global_colors_info=\u00bb{}\u00bb][\/et_pb_column][\/et_pb_row][\/et_pb_section]<\/p>\n","protected":false},"excerpt":{"rendered":"<p>PROGRAMA<\/p>\n","protected":false},"author":1,"featured_media":0,"parent":0,"menu_order":0,"comment_status":"closed","ping_status":"closed","template":"","meta":{"_et_pb_use_builder":"on","_et_pb_old_content":"","_et_gb_content_width":"","footnotes":""},"class_list":["post-50","page","type-page","status-publish","hentry"],"_links":{"self":[{"href":"https:\/\/coinca.unh.edu.pe\/index.php?rest_route=\/wp\/v2\/pages\/50","targetHints":{"allow":["GET"]}}],"collection":[{"href":"https:\/\/coinca.unh.edu.pe\/index.php?rest_route=\/wp\/v2\/pages"}],"about":[{"href":"https:\/\/coinca.unh.edu.pe\/index.php?rest_route=\/wp\/v2\/types\/page"}],"author":[{"embeddable":true,"href":"https:\/\/coinca.unh.edu.pe\/index.php?rest_route=\/wp\/v2\/users\/1"}],"replies":[{"embeddable":true,"href":"https:\/\/coinca.unh.edu.pe\/index.php?rest_route=%2Fwp%2Fv2%2Fcomments&post=50"}],"version-history":[{"count":83,"href":"https:\/\/coinca.unh.edu.pe\/index.php?rest_route=\/wp\/v2\/pages\/50\/revisions"}],"predecessor-version":[{"id":561,"href":"https:\/\/coinca.unh.edu.pe\/index.php?rest_route=\/wp\/v2\/pages\/50\/revisions\/561"}],"wp:attachment":[{"href":"https:\/\/coinca.unh.edu.pe\/index.php?rest_route=%2Fwp%2Fv2%2Fmedia&parent=50"}],"curies":[{"name":"wp","href":"https:\/\/api.w.org\/{rel}","templated":true}]}}