{"id":68,"date":"2024-04-30T11:55:51","date_gmt":"2024-04-30T16:55:51","guid":{"rendered":"https:\/\/coinca.unh.edu.pe\/?page_id=68"},"modified":"2025-11-13T07:56:05","modified_gmt":"2025-11-13T12:56:05","slug":"comision-organizadora","status":"publish","type":"page","link":"https:\/\/coinca.unh.edu.pe\/?page_id=68","title":{"rendered":"COMISIONES"},"content":{"rendered":"<p>[et_pb_section fb_built=\u00bb1&#8243; _builder_version=\u00bb4.23.1&#8243; _module_preset=\u00bbdefault\u00bb custom_margin=\u00bb10px||0px||false|false\u00bb custom_padding=\u00bb10px||0px||false|false\u00bb global_colors_info=\u00bb{}\u00bb][et_pb_row _builder_version=\u00bb4.23.1&#8243; _module_preset=\u00bbdefault\u00bb global_colors_info=\u00bb{}\u00bb][et_pb_column type=\u00bb4_4&#8243; _builder_version=\u00bb4.23.1&#8243; _module_preset=\u00bbdefault\u00bb global_colors_info=\u00bb{}\u00bb][et_pb_text _builder_version=\u00bb4.23.1&#8243; _module_preset=\u00bbdefault\u00bb header_2_text_color=\u00bb#6a0903&#8243; custom_padding=\u00bb||2px|||\u00bb global_colors_info=\u00bb{}\u00bb]<\/p>\n<h2 style=\"text-align: center;\"><strong>COMISIONES<\/strong><\/h2>\n<p>[\/et_pb_text][\/et_pb_column][\/et_pb_row][\/et_pb_section][et_pb_section fb_built=\u00bb1&#8243; _builder_version=\u00bb4.23.1&#8243; _module_preset=\u00bbdefault\u00bb custom_margin=\u00bb0px||0px||false|false\u00bb custom_padding=\u00bb0px||0px||false|false\u00bb global_colors_info=\u00bb{}\u00bb][et_pb_row _builder_version=\u00bb4.23.1&#8243; _module_preset=\u00bbdefault\u00bb custom_margin=\u00bb0px||0px||false|false\u00bb custom_padding=\u00bb0px||0px||false|false\u00bb global_colors_info=\u00bb{}\u00bb][et_pb_column type=\u00bb4_4&#8243; _builder_version=\u00bb4.23.1&#8243; _module_preset=\u00bbdefault\u00bb global_colors_info=\u00bb{}\u00bb][et_pb_text _builder_version=\u00bb4.23.1&#8243; _module_preset=\u00bbdefault\u00bb text_font=\u00bb|800|||||||\u00bb text_text_color=\u00bb#6a0903&#8243; text_font_size=\u00bb18px\u00bb global_colors_info=\u00bb{}\u00bb]<\/p>\n<p style=\"text-align: center;\">COMISI\u00d3N HONORARIA<\/p>\n<p>[\/et_pb_text][et_pb_text _builder_version=\u00bb4.23.1&#8243; _module_preset=\u00bbdefault\u00bb global_colors_info=\u00bb{}\u00bb]<\/p>\n<p style=\"text-align: center;\">Dr. Edgardo F\u00e9lix, PALOMINO TORRES<br \/>Dr. Jorge Amador, VARGAS AQUIJE<br \/>Dra. Olga Vicentina, PACOVILCA ALEJO<br \/>Dr.V\u00edctor Guillermo, SANCHEZ ARAUJO<\/p>\n<p>[\/et_pb_text][et_pb_text _builder_version=\u00bb4.23.1&#8243; _module_preset=\u00bbdefault\u00bb text_font=\u00bb|800|||||||\u00bb text_text_color=\u00bb#6a0903&#8243; text_font_size=\u00bb18px\u00bb global_colors_info=\u00bb{}\u00bb]<\/p>\n<p style=\"text-align: center;\">COMISI\u00d3N ORGANIZADORA<\/p>\n<p>[\/et_pb_text][et_pb_text _builder_version=\u00bb4.23.1&#8243; _module_preset=\u00bbdefault\u00bb global_colors_info=\u00bb{}\u00bb]<\/p>\n<p style=\"text-align: center;\">Presidente: Dr. Rufino, PAUCAR CHANCA<br \/>Secretario: M.Sc. Omar Daniel, SIGUAS ROBLES<br \/>Tesorera: M.Sc. Yola Victoria, RAMOS ESPINOZA<br \/>Vocal: Dr. William Herminio, SALAS CONTRERAS<\/p>\n<p>[\/et_pb_text][et_pb_text _builder_version=\u00bb4.23.1&#8243; _module_preset=\u00bbdefault\u00bb text_font=\u00bb|800|||||||\u00bb text_text_color=\u00bb#6a0903&#8243; text_font_size=\u00bb18px\u00bb global_colors_info=\u00bb{}\u00bb]<\/p>\n<p style=\"text-align: center;\">COMISI\u00d3N CIENT\u00cdFICA<\/p>\n<p>[\/et_pb_text][et_pb_text _builder_version=\u00bb4.23.1&#8243; _module_preset=\u00bbdefault\u00bb global_colors_info=\u00bb{}\u00bb]<\/p>\n<p style=\"text-align: center;\">Dr. Alfonso Gregorio, CORDERO FERN\u00c1NDEZ<br \/>Dr. Jaime Antonio, RUIZ BEJAR<br \/>Dr. Rufino, PAUCAR CHANCA<br \/>Dr. Jos\u00e9 Luis, CONTRERAS PACO<br \/>M.Sc. Omar Daniel, SIGUAS ROBLES<\/p>\n<p>[\/et_pb_text][et_pb_text _builder_version=\u00bb4.23.1&#8243; _module_preset=\u00bbdefault\u00bb text_font=\u00bb|800|||||||\u00bb text_text_color=\u00bb#6a0903&#8243; text_font_size=\u00bb18px\u00bb global_colors_info=\u00bb{}\u00bb]<\/p>\n<p style=\"text-align: center;\">COMISI\u00d3N LOG\u00cdSTICA<\/p>\n<p>[\/et_pb_text][et_pb_text _builder_version=\u00bb4.23.1&#8243; _module_preset=\u00bbdefault\u00bb global_colors_info=\u00bb{}\u00bb]<\/p>\n<p style=\"text-align: center;\">Dr. Manuel, CASTREJON VALDEZ<br \/>M.Sc. Paul Herber, MAYHUA MENDOZA<br \/>Mg. Blas, REYMUNDO CONDOR<br \/>Ing. Jonathan, QUISPE TORALVA<br \/>Wilmer Guzm\u00e1n, ARANA CCENCHO<br \/>Srta. Roxana Hilda, VARGAS VALENCIA<br \/>Srta. Eva Milagro, SALDA\u00d1A CANCHARI<\/p>\n<p>[\/et_pb_text][et_pb_text _builder_version=\u00bb4.23.1&#8243; _module_preset=\u00bbdefault\u00bb text_font=\u00bb|800|||||||\u00bb text_text_color=\u00bb#6a0903&#8243; text_font_size=\u00bb18px\u00bb global_colors_info=\u00bb{}\u00bb]<\/p>\n<p style=\"text-align: center;\">COMISI\u00d3N PRENSA Y PROPAGANDA<\/p>\n<p>[\/et_pb_text][et_pb_text _builder_version=\u00bb4.23.1&#8243; _module_preset=\u00bbdefault\u00bb hover_enabled=\u00bb0&#8243; global_colors_info=\u00bb{}\u00bb sticky_enabled=\u00bb0&#8243;]<\/p>\n<p style=\"text-align: center;\">Dr. William Herminio, SALAS CONTRERAS<br \/>Mg. Melanio, JURADO ESCOBAR<br \/>M.Sc. Rodrigo, HUAMAN JURADO<br \/>Mg. Jos\u00e9 Luis, CONTRERAS FERNANDEZ<br \/>MVZ. Delia, FOROCA MAMANI<br \/>Mg. Edwin, ROJAS FELIPE<br \/>Mg. Karina, MADRID GOMEZ<br \/>Mg. Fidel, CHOCCE SOTO<\/p>\n<p>[\/et_pb_text][et_pb_text _builder_version=\u00bb4.23.1&#8243; _module_preset=\u00bbdefault\u00bb text_font=\u00bb|800|||||||\u00bb text_text_color=\u00bb#6a0903&#8243; text_font_size=\u00bb18px\u00bb global_colors_info=\u00bb{}\u00bb]<\/p>\n<p style=\"text-align: center;\">COMISI\u00d3N DE INSCRIPCI\u00d3N<\/p>\n<p>[\/et_pb_text][et_pb_text _builder_version=\u00bb4.23.1&#8243; _module_preset=\u00bbdefault\u00bb global_colors_info=\u00bb{}\u00bb]<\/p>\n<p style=\"text-align: center;\">M.Sc. Yola Victoria, RAMOS ESPINOZA<br \/>Ing. Marino, ARTICA FELIX<br \/>M.Sc. Hebert Ernesto, ACU\u00d1A RAMOS<br \/>Dra. Mar\u00eda Del Carmen, DURAN MAYTA<br \/>Srta. Julia, ESCOBAR MENDOZA<br \/>Srta. Jessica, LOPEZ CHOCCA<\/p>\n<p>[\/et_pb_text][\/et_pb_column][\/et_pb_row][\/et_pb_section][et_pb_section fb_built=\u00bb1&#8243; _builder_version=\u00bb4.23.1&#8243; _module_preset=\u00bbdefault\u00bb custom_margin=\u00bb0px||0px||false|false\u00bb custom_padding=\u00bb0px||0px||false|false\u00bb global_colors_info=\u00bb{}\u00bb][et_pb_row _builder_version=\u00bb4.23.1&#8243; _module_preset=\u00bbdefault\u00bb global_colors_info=\u00bb{}\u00bb][et_pb_column type=\u00bb4_4&#8243; _builder_version=\u00bb4.23.1&#8243; _module_preset=\u00bbdefault\u00bb global_colors_info=\u00bb{}\u00bb][\/et_pb_column][\/et_pb_row][\/et_pb_section]<\/p>\n","protected":false},"excerpt":{"rendered":"<p>COMISIONESCOMISI\u00d3N HONORARIADr. Edgardo F\u00e9lix, PALOMINO TORRESDr. Jorge Amador, VARGAS AQUIJEDra. Olga Vicentina, PACOVILCA ALEJODr.V\u00edctor Guillermo, SANCHEZ ARAUJOCOMISI\u00d3N ORGANIZADORAPresidente: Dr. Rufino, PAUCAR CHANCASecretario: M.Sc. Omar Daniel, SIGUAS ROBLESTesorera: M.Sc. Yola Victoria, RAMOS ESPINOZAVocal: Dr. William Herminio, SALAS CONTRERASCOMISI\u00d3N CIENT\u00cdFICADr. Alfonso Gregorio, CORDERO FERN\u00c1NDEZDr. Jaime Antonio, RUIZ BEJARDr. Rufino, PAUCAR CHANCADr. Jos\u00e9 Luis, CONTRERAS PACOM.Sc. Omar Daniel, [&hellip;]<\/p>\n","protected":false},"author":1,"featured_media":0,"parent":0,"menu_order":0,"comment_status":"closed","ping_status":"closed","template":"","meta":{"_et_pb_use_builder":"on","_et_pb_old_content":"","_et_gb_content_width":"","footnotes":""},"class_list":["post-68","page","type-page","status-publish","hentry"],"_links":{"self":[{"href":"https:\/\/coinca.unh.edu.pe\/index.php?rest_route=\/wp\/v2\/pages\/68","targetHints":{"allow":["GET"]}}],"collection":[{"href":"https:\/\/coinca.unh.edu.pe\/index.php?rest_route=\/wp\/v2\/pages"}],"about":[{"href":"https:\/\/coinca.unh.edu.pe\/index.php?rest_route=\/wp\/v2\/types\/page"}],"author":[{"embeddable":true,"href":"https:\/\/coinca.unh.edu.pe\/index.php?rest_route=\/wp\/v2\/users\/1"}],"replies":[{"embeddable":true,"href":"https:\/\/coinca.unh.edu.pe\/index.php?rest_route=%2Fwp%2Fv2%2Fcomments&post=68"}],"version-history":[{"count":18,"href":"https:\/\/coinca.unh.edu.pe\/index.php?rest_route=\/wp\/v2\/pages\/68\/revisions"}],"predecessor-version":[{"id":528,"href":"https:\/\/coinca.unh.edu.pe\/index.php?rest_route=\/wp\/v2\/pages\/68\/revisions\/528"}],"wp:attachment":[{"href":"https:\/\/coinca.unh.edu.pe\/index.php?rest_route=%2Fwp%2Fv2%2Fmedia&parent=68"}],"curies":[{"name":"wp","href":"https:\/\/api.w.org\/{rel}","templated":true}]}}